{"id":336,"date":"2011-06-15T03:14:27","date_gmt":"2011-06-15T15:14:27","guid":{"rendered":"http:\/\/lakeivan.org\/wordpress\/?page_id=336"},"modified":"2011-06-18T23:59:03","modified_gmt":"2011-06-19T11:59:03","slug":"french-test","status":"publish","type":"page","link":"http:\/\/lakeivan.org\/wordpress\/french-test","title":{"rendered":"BIENVENUE SUR LE BLOG DE LAKE IVAN"},"content":{"rendered":"<p><span style=\"color: #000000;\">Cliquez sur les liens ci-contre et vous trouverez un groupe de pages inter-reli\u00e9es, dans lesquelles j&#8217;explore la technique d&#8217;improvisation, et expose mes nouvelles vid\u00e9os et mes projets, ainsi que des commentaires sur l&#8217;\u00e9tat du cin\u00e9ma exp\u00e9rimental et de l&#8217;art vid\u00e9o, et sur d&#8217;autres sujets connexes.<br \/>\n<\/span><\/p>\n","protected":false},"excerpt":{"rendered":"<p>Cliquez sur les liens ci-contre et vous trouverez un groupe de pages inter-reli\u00e9es, dans lesquelles j&#8217;explore la technique d&#8217;improvisation, et expose mes nouvelles vid\u00e9os et mes projets, ainsi que des commentaires sur l&#8217;\u00e9tat du cin\u00e9ma exp\u00e9rimental et de l&#8217;art vid\u00e9o, et sur d&#8217;autres sujets connexes.<\/p>\n","protected":false},"author":1,"featured_media":0,"parent":0,"menu_order":0,"comment_status":"open","ping_status":"open","template":"page-without-comments.php","meta":{"footnotes":""},"class_list":["post-336","page","type-page","status-publish","hentry"],"_links":{"self":[{"href":"http:\/\/lakeivan.org\/wordpress\/wp-json\/wp\/v2\/pages\/336","targetHints":{"allow":["GET"]}}],"collection":[{"href":"http:\/\/lakeivan.org\/wordpress\/wp-json\/wp\/v2\/pages"}],"about":[{"href":"http:\/\/lakeivan.org\/wordpress\/wp-json\/wp\/v2\/types\/page"}],"author":[{"embeddable":true,"href":"http:\/\/lakeivan.org\/wordpress\/wp-json\/wp\/v2\/users\/1"}],"replies":[{"embeddable":true,"href":"http:\/\/lakeivan.org\/wordpress\/wp-json\/wp\/v2\/comments?post=336"}],"version-history":[{"count":6,"href":"http:\/\/lakeivan.org\/wordpress\/wp-json\/wp\/v2\/pages\/336\/revisions"}],"predecessor-version":[{"id":357,"href":"http:\/\/lakeivan.org\/wordpress\/wp-json\/wp\/v2\/pages\/336\/revisions\/357"}],"wp:attachment":[{"href":"http:\/\/lakeivan.org\/wordpress\/wp-json\/wp\/v2\/media?parent=336"}],"curies":[{"name":"wp","href":"https:\/\/api.w.org\/{rel}","templated":true}]}}