{"id":341,"date":"2011-06-15T03:38:23","date_gmt":"2011-06-15T15:38:23","guid":{"rendered":"http:\/\/lakeivan.org\/wordpress\/?page_id=341"},"modified":"2011-06-18T23:56:29","modified_gmt":"2011-06-19T11:56:29","slug":"improvisation-technique-french","status":"publish","type":"page","link":"http:\/\/lakeivan.org\/wordpress\/french-test\/improvisation-technique-french","title":{"rendered":"LA TECHNIQUE DE L&#8217;IMPROVISATION"},"content":{"rendered":"<p><span style=\"color: #800000;\">Remarques sur l&#8217;art et sur la technique de cr\u00e9er constamment de brillantes improvisations, qu&#8217;il s&#8217;agisse d&#8217;une performance sc\u00e9nique en direct ou d&#8217;une cr\u00e9ation audio-visuelle (vid\u00e9o, film).<br \/>\n<\/span><\/p>\n","protected":false},"excerpt":{"rendered":"<p>Remarques sur l&#8217;art et sur la technique de cr\u00e9er constamment de brillantes improvisations, qu&#8217;il s&#8217;agisse d&#8217;une performance sc\u00e9nique en direct ou d&#8217;une cr\u00e9ation audio-visuelle (vid\u00e9o, film).<\/p>\n","protected":false},"author":1,"featured_media":0,"parent":336,"menu_order":0,"comment_status":"open","ping_status":"closed","template":"","meta":{"footnotes":""},"class_list":["post-341","page","type-page","status-publish","hentry"],"_links":{"self":[{"href":"http:\/\/lakeivan.org\/wordpress\/wp-json\/wp\/v2\/pages\/341","targetHints":{"allow":["GET"]}}],"collection":[{"href":"http:\/\/lakeivan.org\/wordpress\/wp-json\/wp\/v2\/pages"}],"about":[{"href":"http:\/\/lakeivan.org\/wordpress\/wp-json\/wp\/v2\/types\/page"}],"author":[{"embeddable":true,"href":"http:\/\/lakeivan.org\/wordpress\/wp-json\/wp\/v2\/users\/1"}],"replies":[{"embeddable":true,"href":"http:\/\/lakeivan.org\/wordpress\/wp-json\/wp\/v2\/comments?post=341"}],"version-history":[{"count":5,"href":"http:\/\/lakeivan.org\/wordpress\/wp-json\/wp\/v2\/pages\/341\/revisions"}],"predecessor-version":[{"id":363,"href":"http:\/\/lakeivan.org\/wordpress\/wp-json\/wp\/v2\/pages\/341\/revisions\/363"}],"up":[{"embeddable":true,"href":"http:\/\/lakeivan.org\/wordpress\/wp-json\/wp\/v2\/pages\/336"}],"wp:attachment":[{"href":"http:\/\/lakeivan.org\/wordpress\/wp-json\/wp\/v2\/media?parent=341"}],"curies":[{"name":"wp","href":"https:\/\/api.w.org\/{rel}","templated":true}]}}