{"id":370,"date":"2011-07-06T11:15:43","date_gmt":"2011-07-06T23:15:43","guid":{"rendered":"http:\/\/lakeivan.org\/wordpress\/?page_id=370"},"modified":"2011-07-06T11:15:43","modified_gmt":"2011-07-06T23:15:43","slug":"technologie-reproductive-2","status":"publish","type":"page","link":"http:\/\/lakeivan.org\/wordpress\/french-test\/technologie-reproductive-2","title":{"rendered":"Technologie Reproductive"},"content":{"rendered":"<p><span style=\"font-size: medium; color: #000000;\">Un extrait du texte utilis\u00e9 dans la vid\u00e9o \u00abTechnologie Reproductive&#8221;<br \/>\n<\/span><\/p>\n<p><a href=\"http:\/\/lakeivan.org\/wordpress\/wp-content\/uploads\/2010\/10\/REPRO_14.jpg\"><span style=\"color: #000000;\"><img loading=\"lazy\" decoding=\"async\" title=\"REPRO_14\" src=\"http:\/\/lakeivan.org\/wordpress\/wp-content\/uploads\/2010\/10\/REPRO_14-300x200.jpg\" alt=\"\" width=\"300\" height=\"200\" \/><\/span><\/a><\/p>\n<p>&nbsp;<\/p>\n<p><span style=\"color: #000000;\"><strong>DAVID<\/strong><\/span><\/p>\n<p><span style=\"color: #000000;\">Pluie Pluie Pluie<\/span><\/p>\n<p><span style=\"color: #000000;\">Transcription<\/span><\/p>\n<p><span style=\"color: #000000;\">Traduction<\/span><\/p>\n<p><span style=\"color: #000000;\">Les interpr\u00e9tations de milliers de personnes et puis les interpr\u00e9tations de leurs interpr\u00e9tations -interpr\u00e9t\u00e9es-&#8230;<\/span><\/p>\n<p><span style=\"color: #000000;\">-tomb\u00e8rent \u00e0 grands seaux- et ont -donn\u00e9 lieu \u00e0 ce d\u00e9luge de discours.<\/span><\/p>\n<p><span style=\"color: #000000;\"> <\/span><\/p>\n<p><span style=\"color: #000000;\"><strong>ALLISON<\/strong><\/span><\/p>\n<p><span style=\"color: #000000;\">-Est-ce que t&#8217;as dit- \u00e0 ma m\u00e8re que tu aimerais que le dimanche elle te pr\u00e9pare un panier \u00e0 pique-nique?<\/span><\/p>\n<p><span style=\"color: #000000;\">Et que tu veux y trouver des \u0153ufs -d&#8217;or \u00e0 l&#8217;int\u00e9rieur- .<\/span><\/p>\n<p><span style=\"color: #000000;\">Je veux dire, de vrais \u0153ufs d&#8217;or, pondus par une poule g\u00e9n\u00e9tiquement modifi\u00e9e avec des intestins m\u00e9talliques qui fabriquerait des substances alchimiques \u00e0 base de plomb qui se transformeraient en or lorsque, quittant le tr\u00e9fonds des entrailles du volatile, elles seraient pouss\u00e9es par l&#8217;oxyg\u00e8ne vers la lumi\u00e8re du jour.<\/span><\/p>\n<p><span style=\"color: #000000;\"> <\/span><\/p>\n<p><span style=\"color: #000000;\"><strong>DAVID<\/strong><\/span><\/p>\n<p><span style=\"color: #000000;\">Impertinent<\/span><\/p>\n<p><span style=\"color: #000000;\">Information<\/span><\/p>\n<p><span style=\"color: #000000;\">Le f\u00e9cond\u00e9<\/span><\/p>\n<p><span style=\"color: #000000;\">Le v\u00e9ritable sens<\/span><\/p>\n<p><span style=\"color: #000000;\">Les milliers et milliers de copies et les millions de<\/span><\/p>\n<p><span style=\"color: #000000;\">technologies de reproduction qui (sont venus nous inonder par les pipelines, les tubes) ont d\u00e9ferl\u00e9 des pipelines, des tubes<\/span><\/p>\n<p><span style=\"color: #000000;\"> <\/span><\/p>\n<p><span style=\"color: #000000;\"><strong>ALLISON<\/strong><\/span><\/p>\n<p><span style=\"color: #000000;\">Je t\u2019ai fax\u00e9 cette lettre.<\/span><\/p>\n<p><span style=\"color: #000000;\">Ne me dit pas que je ne te l\u2019ai pas fax\u00e9e.<\/span><\/p>\n<p><span style=\"color: #000000;\">Fax Fax Fax<\/span><\/p>\n<p><span style=\"color: #000000;\">Il y a beaucoup de mots que je pourrais utiliser mais celui-ci a une sonorit\u00e9 particuli\u00e8re et il me fait penser \u00e0 ces bonbons extensibles qu\u2019on se partageait lorsqu\u2019on \u00e9tait chacun \u00e0 un bout de la pi\u00e8ce et qu\u2019on s\u2019\u00e9loignait tr\u00e8s doucement.<\/span><\/p>\n<p><span style=\"color: #000000;\">La tension entre nous augmentait comme si on voulait communiquer malgr\u00e9 la distance mais ce n\u2019\u00e9tait pas possible.<\/span><\/p>\n<p><span style=\"color: #000000;\"> <\/span><\/p>\n<p><span style=\"color: #000000;\"><strong>DAVID<\/strong><\/span><\/p>\n<p><span style=\"color: #000000;\">Chevalet<\/span><\/p>\n<p><span style=\"color: #000000;\">chevalet de Torture<\/span><\/p>\n<p><span style=\"color: #000000;\">Long Long Long<\/span><\/p>\n<p>&nbsp;<\/p>\n<p>&nbsp;<\/p>\n<p>&nbsp;<\/p>\n<p>&nbsp;<\/p>\n","protected":false},"excerpt":{"rendered":"<p>Un extrait du texte utilis\u00e9 dans la vid\u00e9o \u00abTechnologie Reproductive&#8221; &nbsp; DAVID Pluie Pluie Pluie Transcription Traduction Les interpr\u00e9tations de milliers de personnes et puis les interpr\u00e9tations de leurs interpr\u00e9tations -interpr\u00e9t\u00e9es-&#8230; -tomb\u00e8rent \u00e0 grands seaux- et ont -donn\u00e9 lieu \u00e0 ce d\u00e9luge de discours. ALLISON -Est-ce que t&#8217;as dit- \u00e0 ma m\u00e8re que tu aimerais&hellip;<\/p>\n","protected":false},"author":1,"featured_media":0,"parent":336,"menu_order":0,"comment_status":"open","ping_status":"open","template":"","meta":{"footnotes":""},"class_list":["post-370","page","type-page","status-publish","hentry"],"_links":{"self":[{"href":"http:\/\/lakeivan.org\/wordpress\/wp-json\/wp\/v2\/pages\/370","targetHints":{"allow":["GET"]}}],"collection":[{"href":"http:\/\/lakeivan.org\/wordpress\/wp-json\/wp\/v2\/pages"}],"about":[{"href":"http:\/\/lakeivan.org\/wordpress\/wp-json\/wp\/v2\/types\/page"}],"author":[{"embeddable":true,"href":"http:\/\/lakeivan.org\/wordpress\/wp-json\/wp\/v2\/users\/1"}],"replies":[{"embeddable":true,"href":"http:\/\/lakeivan.org\/wordpress\/wp-json\/wp\/v2\/comments?post=370"}],"version-history":[{"count":2,"href":"http:\/\/lakeivan.org\/wordpress\/wp-json\/wp\/v2\/pages\/370\/revisions"}],"predecessor-version":[{"id":372,"href":"http:\/\/lakeivan.org\/wordpress\/wp-json\/wp\/v2\/pages\/370\/revisions\/372"}],"up":[{"embeddable":true,"href":"http:\/\/lakeivan.org\/wordpress\/wp-json\/wp\/v2\/pages\/336"}],"wp:attachment":[{"href":"http:\/\/lakeivan.org\/wordpress\/wp-json\/wp\/v2\/media?parent=370"}],"curies":[{"name":"wp","href":"https:\/\/api.w.org\/{rel}","templated":true}]}}