{"id":616,"date":"2013-05-01T13:28:11","date_gmt":"2013-05-02T01:28:11","guid":{"rendered":"http:\/\/lakeivan.org\/wordpress\/?page_id=616"},"modified":"2013-06-02T13:21:24","modified_gmt":"2013-06-03T01:21:24","slug":"la-critique-interne","status":"publish","type":"page","link":"http:\/\/lakeivan.org\/wordpress\/french-test\/improvisation-technique-french\/la-critique-interne","title":{"rendered":"LA CRITIQUE INTERNE"},"content":{"rendered":"<p><span style=\"color: #000000;\">L\u2019un des probl\u00e8mes les plus difficiles auquel doit faire face l\u2019improvisateur d\u00e9butant est : comment g\u00e9rer la voix de la critique interne. Pendant qu\u2019il est en train d\u2019essayer de jouer une sc\u00e8ne, cette insupportable voix dispose d\u2019une source apparemment sans limites de critiques \u00e0 faire :<\/span><\/p>\n<p><em><span style=\"color: #000000;\">Ce que je dis semble stupide<\/span><\/em><span style=\"color: #000000;\">. (Variantes : J\u2019ai l\u2019air stupide. Cette sc\u00e8ne est stupide. Mes partenaires sur cette sc\u00e8ne sont stupides. )<\/span><\/p>\n<p><em><span style=\"color: #000000;\">C\u2019est lent. R\u00e9p\u00e9titif. Ennuyeux. Clich\u00e9. Pas cr\u00e9dible<\/span><\/em><span style=\"color: #000000;\">.<\/span><\/p>\n<p><em><span style=\"color: #000000;\">J\u2019ai peur de jouer aussi mal qu\u2019hier soir.<\/span><\/em><\/p>\n<p><em><span style=\"color: #000000;\">Je n\u2019aime pas l\u2019\u00e9clairage. La musique. J\u2019ai fait une erreur. J\u2019ai renvers\u00e9 un des accessoires de la sc\u00e8ne\u2026<\/span><\/em><\/p>\n<p><span style=\"color: #000000;\">Etc. etc. etc. etc. ad infinitum.<\/span><\/p>\n<p><span style=\"color: #000000;\">Mais il est en fait tout autant nuisible d\u2019avoir une voix interne qui f\u00e9licite:<\/span><\/p>\n<p><em><span style=\"color: #000000;\">Cette sc\u00e8ne se d\u00e9roule \u00e0 merveille!<\/span><\/em><\/p>\n<p><em><span style=\"color: #000000;\">J\u2019adore cette derni\u00e8re id\u00e9e qui m\u2019est venue!<\/span><\/em><\/p>\n<p><em><span style=\"color: #000000;\">C\u2019est vraiment dr\u00f4le\/ \u00e9mouvant\/ bien fait&#8230;<\/span><\/em><\/p>\n<p><span style=\"color: #000000;\">La voix interne qui f\u00e9licite tout comme celle qui critique sort totalement le com\u00e9dien de sa sc\u00e8ne, et le place dans une vision critique de la sc\u00e8ne qui l\u2019affaiblit.<\/span><\/p>\n<p><span style=\"color: #000000;\">En effet, toutes pens\u00e9es parasites qui commentent la performance ou s\u2019inqui\u00e8tent du progr\u00e8s de la sc\u00e8ne sont nuisibles:<\/span><\/p>\n<p><em><span style=\"color: #000000;\">N\u2019est-on pas cens\u00e9 finir bient\u00f4t?<\/span><\/em><\/p>\n<p><em><span style=\"color: #000000;\">Je me demande si mon copain appr\u00e9cie cela?<\/span><\/em><\/p>\n<p><em><span style=\"color: #000000;\">Ma voix est-elle assez forte?<\/span><\/em><\/p>\n<p><span style=\"color: #000000;\">Le probl\u00e8me de la voix de la critique interne, c\u2019est qu\u2019elle vous fait douter de vos propres impulsions et intuitions, et une bonne technique d\u2019improvisation consiste \u00e0 avoir une totale confiance en celles-ci.<\/span><\/p>\n<p><span style=\"color: #000000;\">La technique pour surmonter la voix de la critique interne ne consiste pas \u00e0 supprimer cette voix mais \u00e0 savoir comment l&#8217;interpr\u00e9ter. C\u2019est du gaspillage d&#8217;\u00e9nergie d\u2019essayer de pr\u00e9tendre que la voix critique n\u2019est pas r\u00e9ellement l\u00e0, alors que cette voix est une partie naturelle de vous. La bonne technique consiste \u00e0 comprendre ce que cette voix vous dit vraiment.<\/span><\/p>\n<p><span style=\"color: #000000;\">Voici ce que je veux dire : les critiques de cette voix peuvent rev\u00eatir des millions de formes diff\u00e9rentes mais au fond elles disent toujours la m\u00eame chose : ressentez plus. Il n\u2019y a pas assez d&#8217;\u00e9motions. Ce que vous faites n\u2019est ressenti qu\u2019\u00e0 moiti\u00e9. Ainsi la solution devient : allez plus au fond des \u00e9motions quelles qu\u2019elles soient.<\/span><\/p>\n<p><span style=\"color: #000000;\">Ce qui semble mauvais ou peu convaincant dans une sc\u00e8ne semble l\u2019\u00eatre parce que ce n\u2019est ressenti qu\u2019\u00e0 moiti\u00e9. Quand quelque chose semble \u00eatre clich\u00e9, si vous le ressentez pleinement cela devient un arch\u00e9type. Quelque chose qui semble lent et poussif, ressenti pleinement devient majestueux et grandiose. quelque chose qui semble trop intellectuel, quand vous explorez les sentiments derri\u00e8re, semble plus riche et complet.<\/span><\/p>\n<p><span style=\"color: #000000;\">Pour un d\u00e9butant la premi\u00e8re r\u00e9action instinctive face \u00e0 la voix de la critique interne est de fuir la fa\u00e7on dont il est en train de jouer et de chercher une autre id\u00e9e meilleure. \u201cOh cette r\u00e9plique ne marche pas du tout\u201d on pense \u201cje ferais mieux d\u2019essayer quelque chose de totalement diff\u00e9rent.\u201d ou \u201cje hais \u00eatre coinc\u00e9 dans ce personnage pleurnichard je vais le changer et le rendre plus vivant et passionnant.\u201d Etc. Etc.<\/span><\/p>\n<p><span style=\"color: #000000;\">En fait, une telle r\u00e9action est toujours contre-productive parce qu\u2019elle vous emm\u00e8ne directement HORS de la logique \u00e9motionnelle de la sc\u00e8ne, rompt le fil conducteur et la continuit\u00e9, et vous plonge dans la position de faiblesse qui consiste \u00e0 essayer de \u201cpenser \u00e0 des id\u00e9es\u201d, ce qui veut dire que vous avez perdu le pouvoir de votre intuition, de vos instincts.<\/span><\/p>\n<p><span style=\"color: #000000;\">C\u2019est toujours une meilleure tactique, d\u00e8s que vous entendez la voix de la critique interne, d&#8217;interpr\u00e9ter ce que cette voix vous dit comme &#8221; va plus loin dans ce que tu es en train de faire &#8221; (Sans pr\u00eater attention \u00e0 ce que la voix semble dire.) Ainsi, si ce que vous travaillez semble ridicule, allez plus loin dans le ridicule. . Si cela semble lent et poussif, allez plus loin dans votre lenteur et ressentez-la de tout votre \u00eatre.<\/span><\/p>\n<p><span style=\"color: #000000;\">Quel que soit le jeu sur lequel vous travaillez, quand vous allez jusqu\u2019au bout , il sera plus \u00e9panoui, plus riche et plus authentique, et ainsi deviendra beaucoup plus th\u00e9\u00e2tral. Il se peut aussi qu\u2019il se transforme naturellement et devienne quelque chose d\u2019autre, sauf que ce changement ne sera pas d\u00e9sesp\u00e9r\u00e9 ou arbitraire, il ne sera pas le r\u00e9sultat d\u2019une <\/span><em><span style=\"color: #000000;\">fuite de la sc\u00e8ne<\/span><\/em><span style=\"color: #000000;\">, ce sera l\u2019\u00e9tape suivante logique pour aller plus profond\u00e9ment <\/span><em><span style=\"color: #000000;\">dans<\/span><\/em><span style=\"color: #000000;\"> la sc\u00e8ne, et ainsi cela assurera au public que la sc\u00e8ne que vous jouez a en effet un sens, qu\u2019elle a sa propre int\u00e9grit\u00e9 et logique, et qu\u2019elle les emm\u00e8ne en voyage vers un endroit int\u00e9ressant.<\/span><\/p>\n<p><span style=\"color: #000000;\">Le voyage vers la sc\u00e8ne suivante se fait toujours en allant plus loin dans ce que vous faites.<\/span><\/p>\n","protected":false},"excerpt":{"rendered":"<p>L\u2019un des probl\u00e8mes les plus difficiles auquel doit faire face l\u2019improvisateur d\u00e9butant est : comment g\u00e9rer la voix de la critique interne. Pendant qu\u2019il est en train d\u2019essayer de jouer une sc\u00e8ne, cette insupportable voix dispose d\u2019une source apparemment sans limites de critiques \u00e0 faire : Ce que je dis semble stupide. (Variantes : J\u2019ai&hellip;<\/p>\n","protected":false},"author":1,"featured_media":0,"parent":341,"menu_order":0,"comment_status":"open","ping_status":"open","template":"","meta":{"footnotes":""},"class_list":["post-616","page","type-page","status-publish","hentry"],"_links":{"self":[{"href":"http:\/\/lakeivan.org\/wordpress\/wp-json\/wp\/v2\/pages\/616","targetHints":{"allow":["GET"]}}],"collection":[{"href":"http:\/\/lakeivan.org\/wordpress\/wp-json\/wp\/v2\/pages"}],"about":[{"href":"http:\/\/lakeivan.org\/wordpress\/wp-json\/wp\/v2\/types\/page"}],"author":[{"embeddable":true,"href":"http:\/\/lakeivan.org\/wordpress\/wp-json\/wp\/v2\/users\/1"}],"replies":[{"embeddable":true,"href":"http:\/\/lakeivan.org\/wordpress\/wp-json\/wp\/v2\/comments?post=616"}],"version-history":[{"count":6,"href":"http:\/\/lakeivan.org\/wordpress\/wp-json\/wp\/v2\/pages\/616\/revisions"}],"predecessor-version":[{"id":642,"href":"http:\/\/lakeivan.org\/wordpress\/wp-json\/wp\/v2\/pages\/616\/revisions\/642"}],"up":[{"embeddable":true,"href":"http:\/\/lakeivan.org\/wordpress\/wp-json\/wp\/v2\/pages\/341"}],"wp:attachment":[{"href":"http:\/\/lakeivan.org\/wordpress\/wp-json\/wp\/v2\/media?parent=616"}],"curies":[{"name":"wp","href":"https:\/\/api.w.org\/{rel}","templated":true}]}}