{"id":621,"date":"2013-05-04T04:53:00","date_gmt":"2013-05-04T16:53:00","guid":{"rendered":"http:\/\/lakeivan.org\/wordpress\/?page_id=621"},"modified":"2013-06-02T13:02:51","modified_gmt":"2013-06-03T01:02:51","slug":"emmener-le-public-en-voyage","status":"publish","type":"page","link":"http:\/\/lakeivan.org\/wordpress\/french-test\/improvisation-technique-french\/emmener-le-public-en-voyage","title":{"rendered":"EMMENER LE PUBLIC EN VOYAGE"},"content":{"rendered":"<p><span style=\"color: #000000;\">Au sein de mon travail \u00e0 Lake Ivan, je n\u2019utilise pas de structure narrative, donc je me suis vite rendu compte qu\u2019il \u00e9tait n\u00e9cessaire de trouver par quoi la remplacer. Apr\u00e8s tout lors d\u2019une performance abstraite, si la pi\u00e8ce erre simplement de textures en textures, le public va arr\u00eater de faire confiance aux acteurs 5 ou 6 minutes pass\u00e9es, sans m\u00eame consid\u00e9rer a quel point les textures peuvent \u00eatre fascinantes, surprenantes, ou bien jou\u00e9es. Le public peut \u00e9ventuellement d\u00e9velopper le sentiment que cette pi\u00e8ce \u201cerre, ne va nul part\u201d et que \u00e7a leur fait perdre leur temps.\u00a0 Ils ont un besoin int\u00e9rieur de sentir que les acteurs les emm\u00e8nent intentionnellement en voyage, les menants pas \u00e0 pas plus profond dans le coeur de <em>quelque chose<\/em>. En effet la sc\u00e8ne marche mieux si le public ressent que chaque moment est concentr\u00e9 plus ou moins directement sur la poursuite de cette exploration.<\/span><\/p>\n<p><span style=\"color: #000000;\">C\u2019est tout autant vrai dans une sc\u00e8ne narrative que comique. La sc\u00e8ne narrative semble avoir la forme de Qu\u2019est Ce Qu\u2019il Se Passe Ensuite : c\u2019est qu\u2019ils r\u00e9pondent continuellement \u00e0 la question \u201cqu\u2019est ce qu\u2019il se passe ensuite\u201d. N\u00e9anmoins, tout ce que vous faite est de cr\u00e9er une longue liste d\u2019\u00e9v\u00e9nements s\u00e9quentiels, alors il se passe la m\u00eame chose que dans une pi\u00e8ce abstraite : il commence \u00e0 sembler que la sc\u00e8ne erre partout sans aucune raison. Une improvisation narrative a aussi besoin de vous emmener en voyage de plus en plus profond\u00e9ment au coeur de quelque chose.<\/span><\/p>\n<p><span style=\"color: #000000;\">C\u2019est pourquoi, j\u2019ai d\u00e9velopp\u00e9 le concept de <\/span><em>saturation<\/em><span style=\"color: #000000;\">. L\u2019id\u00e9e est que vous, l\u2019artiste, \u00eates comme une \u00e9ponge, votre but est de constamment ouvrir vos pores et de vous impr\u00e9gner de plus en plus pleinement de l\u2019\u00e9motion principale de la pi\u00e8ce que vous jouez. Notez que ce concept de devenir de plus en plus satur\u00e9 ne veut pas dire que vous devenez de plus en plus \u201c\u00e9motionnel\u201d,\u00a0 \u00e7a ne veut pas dire non plus que votre performance devienne de plus en plus bruyante, de plus en plus rapide.\u00a0 Apr\u00e8s tout, si l\u2019\u00e9tat \u00e9motionnel de votre pi\u00e8ce est d\u2019une calme tranquillit\u00e9, plus vous vous laisserez transporter par cette \u00e9nergie, plus vous serez calme et paisible et non bruyant ou rapide. Cela signifie simplement qu\u2019\u00e0 chaque respiration, chaque phrase, chaque battement de la sc\u00e8ne, vous vous ouvrez pour ressentir de plus en plus intens\u00e9ment l\u2019\u00e9nergie de la pi\u00e8ce, que cette \u00e9nergie soit petite, moyenne ou grande, \u00e9motionnelle ou non.<\/span><\/p>\n<p><span style=\"color: #000000;\">Mais quel est exactement ce sentiment auquel vous vous r\u00e9v\u00e9lez? Vous n\u2019avez pas besoin de le d\u00e9finir ou bien m\u00eame de le comprendre. Il est simplement d\u00e9fini en tant que \u201cl\u2019\u00e9motion que la pi\u00e8ce expose <\/span><em>maintenant<\/em><span style=\"color: #000000;\"> au moment pr\u00e9sent<\/span><em>\u201d<\/em><span style=\"color: #000000;\">. Vous restez connect\u00e9 \u00e0 ce sentiment, et cherchez continuellement \u00e0 le ressentir de plus en plus pleinement, sans tenir compte de s\u2019il change ou pas. Si le sentiment \u00e0 exprimer dans la sc\u00e8ne est une \u201cindiff\u00e9rence pr\u00e9tentieuse\u201d, et que vous vous impr\u00e9gnez de ces sentiments, vous vous sentirez de plus en plus satur\u00e9 par ces sentiments, ainsi il se peut que pour un moment vous vous sentiez de plus en plus indiff\u00e8rent et pr\u00e9tentieux. Ces m\u00eame sentiments se transformeront peut \u00eatre en rage, en ennui ou dispara\u00eetront et laisseront place \u00e0 une calme satisfaction. Ce que je veux dire est : vous ne vous<\/span><em> \u00e9loignez<\/em><span style=\"color: #000000;\"> pas de l&#8217;\u00e9nergie, vous ne vous d\u00e9connectez pas de la source d\u2019\u00e9nergie, et <\/span><em>jamais<\/em><span style=\"color: #000000;\"> vous ne vous contentez de vous \u201casseoir\u201d au m\u00eame niveau de saturation pendant plus d\u2019une phrase. Ainsi, vous continuez perp\u00e9tuellement \u00e0 vous ouvrir afin d\u2019\u00eatre capable de ressentir <\/span><em>plus <\/em><span style=\"color: #000000;\">et plus <\/span><em>satur\u00e9 <\/em><span style=\"color: #000000;\">avec la phrase suivante. C\u2019est ce que cr\u00e9\u00e9 le \u201csentiment narratif\u201d, le sentiment que chaque moment de la pi\u00e8ce emm\u00e8ne le public un pas plus loin dans un voyage avec un but.<\/span><\/p>\n<p><span style=\"color: #000000;\">Vous pouvez utiliser ce concept pour construire votre propre pr\u00e9paration \u00e0 travers ces lignes:<\/span><\/p>\n<p><span style=\"color: #000000;\">\u201cLa sc\u00e8ne que je m\u2019appr\u00eate \u00e0 jouer est une source d\u2019\u00e9nergie et de sentiments qui existe d\u00e9j\u00e0 dans sa forme parfaite. Mon r\u00f4le est de ressentir chaque moment de la sc\u00e8ne. Avec chaque phrase, je m\u2019ouvrirai et je serai ainsi encore plus satur\u00e9 par le sentiment principal de la sc\u00e8ne.\u201d<\/span><\/p>\n","protected":false},"excerpt":{"rendered":"<p>Au sein de mon travail \u00e0 Lake Ivan, je n\u2019utilise pas de structure narrative, donc je me suis vite rendu compte qu\u2019il \u00e9tait n\u00e9cessaire de trouver par quoi la remplacer. Apr\u00e8s tout lors d\u2019une performance abstraite, si la pi\u00e8ce erre simplement de textures en textures, le public va arr\u00eater de faire confiance aux acteurs 5&hellip;<\/p>\n","protected":false},"author":1,"featured_media":0,"parent":341,"menu_order":0,"comment_status":"open","ping_status":"open","template":"","meta":{"footnotes":""},"class_list":["post-621","page","type-page","status-publish","hentry"],"_links":{"self":[{"href":"http:\/\/lakeivan.org\/wordpress\/wp-json\/wp\/v2\/pages\/621","targetHints":{"allow":["GET"]}}],"collection":[{"href":"http:\/\/lakeivan.org\/wordpress\/wp-json\/wp\/v2\/pages"}],"about":[{"href":"http:\/\/lakeivan.org\/wordpress\/wp-json\/wp\/v2\/types\/page"}],"author":[{"embeddable":true,"href":"http:\/\/lakeivan.org\/wordpress\/wp-json\/wp\/v2\/users\/1"}],"replies":[{"embeddable":true,"href":"http:\/\/lakeivan.org\/wordpress\/wp-json\/wp\/v2\/comments?post=621"}],"version-history":[{"count":11,"href":"http:\/\/lakeivan.org\/wordpress\/wp-json\/wp\/v2\/pages\/621\/revisions"}],"predecessor-version":[{"id":628,"href":"http:\/\/lakeivan.org\/wordpress\/wp-json\/wp\/v2\/pages\/621\/revisions\/628"}],"up":[{"embeddable":true,"href":"http:\/\/lakeivan.org\/wordpress\/wp-json\/wp\/v2\/pages\/341"}],"wp:attachment":[{"href":"http:\/\/lakeivan.org\/wordpress\/wp-json\/wp\/v2\/media?parent=621"}],"curies":[{"name":"wp","href":"https:\/\/api.w.org\/{rel}","templated":true}]}}