{"id":653,"date":"2013-09-22T12:15:30","date_gmt":"2013-09-23T00:15:30","guid":{"rendered":"http:\/\/lakeivan.org\/wordpress\/?page_id=653"},"modified":"2013-09-29T02:39:06","modified_gmt":"2013-09-29T14:39:06","slug":"improviser-comme-si-la-scene-existait-deja","status":"publish","type":"page","link":"http:\/\/lakeivan.org\/wordpress\/french-test\/improvisation-technique-french\/improviser-comme-si-la-scene-existait-deja","title":{"rendered":"NE CHERCHEZ PAS UNE ID\u00c9E"},"content":{"rendered":"<p><span style=\"color: #000000;\">Une des erreurs communes est d\u2019entamer une sc\u00e8ne improvis\u00e9e en ayant pour id\u00e9e que le d\u00e9fi de l\u2019improvisation est celui de jouer sans texte, et que, par cons\u00e9quent, quand \u201cune id\u00e9e vous est venue\u201d qui\u00a0\u201cmarche\u201d vous avez d\u2019une certaine mani\u00e8re r\u00e9solu le probl\u00e8me.<\/span><\/p>\n<p><span style=\"color: #000000;\">La raison pour laquelle c\u2019est une erreur est qu\u2019une fois que vous avez d\u00e9cid\u00e9, dans un soulagement \u00e9norme, que vous \u201csavez ce que la sc\u00e8ne est\u201d et qu\u2019il ne reste plus qu\u2019\u00e0 la jouer, vous vous coupez de l&#8217;\u00e9coute\u00a0du flux intuitif de sentiments qui est la r\u00e9elle source de la sc\u00e8ne, et la sc\u00e8ne se meurt.<\/span><\/p>\n<p><span style=\"color: #000000;\">Je vais donner un exemple musical, tir\u00e9 de mes propres exp\u00e9riences du fait d\u2019avoir jou\u00e9 des musiques improvis\u00e9es pour des cours de danses.<\/span><\/p>\n<p><span style=\"color: #000000;\">Il pourrait sembler, lors d\u2019un cours de danse, quand le professeur montre un exercice ou une suite de pas aux \u00e9l\u00e8ves, que le travail du musicien est d\u2019inventer quelque chose \u00e0 jouer qui marchera avec ces pas de\u00a0danse. M\u00eame si j\u2019\u00e9vite le pi\u00e8ge grossi\u00e8rement \u00e9vident d\u2019essayer de me forcer \u00e0 penser \u00e0 une id\u00e9e musicale avant de commencer \u00e0 jouer, je risque quand m\u00eame d&#8217;\u00eatre trop influenc\u00e9 par mon anxi\u00e9t\u00e9 quant au\u00a0\u201cbesoin de trouver une id\u00e9e\u201d. Ainsi lorsque, comme \u00e0 chaque fois, je me rends compte, lors des quelques premiers moments de jeu, que j\u2019ai en effet une id\u00e9e, et que c\u2019est une tr\u00e8s bonne id\u00e9e qui colle assez bien\u00a0avec les pas de danse, mon anxi\u00e9t\u00e9 est soulag\u00e9e. Je suis tent\u00e9 de me rel\u00e2cher, de me dire \u201cAh, j\u2019ai r\u00e9solu le probl\u00e8me. Maintenant que j\u2019ai une bonne id\u00e9e sur laquelle travailler, tout ce qui me reste \u00e0 faire est de\u00a0jouer cette musique jusqu\u2019\u00e0 ce que l\u2019exercice soit termin\u00e9.<\/span><\/p>\n<p><span style=\"color: #000000;\">Le r\u00e9sultat, in\u00e9vitablement, est que la musique se fige en une id\u00e9e gel\u00e9e de musique, et perd son habilit\u00e9e \u00e0 s\u2019\u00e9panouir, se d\u00e9velopper, r\u00e9pondre aux changements des danseurs. Elle se meurt. Tout cela se passe\u00a0parce que j\u2019ai abandonn\u00e9 l\u2019id\u00e9e selon laquelle je dois \u00e9couter attentivement, m\u2019ouvrir attentivement au sources intuitives de la musique.<\/span><\/p>\n<p><span style=\"color: #000000;\">Pareillement, si deux acteurs doivent improviser une sc\u00e8ne narrative, sans un sc\u00e9nario pr\u00e9-d\u00e9fini, ils peuvent par erreur croire que le d\u00e9fi de la sc\u00e8ne est d\u2019avoir une bonne id\u00e9e. Une fois qu\u2019ils ont d\u00e9marr\u00e9 la\u00a0sc\u00e8ne et qu\u2019ils r\u00e9alisent collectivement qu\u2019ils ont eu l\u2019id\u00e9e que la sc\u00e8ne est \u00e0 propos de Sally et son mari Jeff, qui se disputent pour savoir si oui ou non ils doivent aller manger au restaurant, il se peut qu\u2019ils se\u00a0rel\u00e2chent, vivement soulag\u00e9 d\u2019avoir accompli la tache de trouver une bonne id\u00e9e. Ils pensent que la seule chose qui leur reste \u00e0 faire maintenant c\u2019est de jouer le reste de la sc\u00e8ne. A partir de ce moment l\u00e0, la sc\u00e8ne\u00a0est comme coinc\u00e9e dans Sally-et-Jeff-se-dispute-au-sujet-du-restaurant, et toutes les chances pour que cela \u00e9volue et s\u2019approfondisse en allant au del\u00e0 de ce sc\u00e9nario sont perdues. Par ailleurs, la sc\u00e8ne perd son\u00a0aspect de vie-r\u00e9elle-pouvant-\u00eatre-d\u00e9couverte-\u00e0-chaque-moment, et \u00e0 la place s\u2019installent dans un panel clich\u00e9 de notions secondaires \u00e0 propos de personnes mari\u00e9es ayant une dispute.<\/span><\/p>\n<p><span style=\"color: #000000;\">On peut \u00e9viter cette erreur en ayant une id\u00e9e plus claire de ce que l\u2019improvisation est r\u00e9ellement et ce qu\u2019implique la t\u00e2che d\u2019improvisateur.<\/span><\/p>\n<p><span style=\"color: #000000;\">Au lieu de penser, en entamant la sc\u00e8ne, que le probl\u00e8me est de trouver une bonne id\u00e9e, essayez d\u2019imaginer, comme d\u00e9crit n\u2019importe o\u00f9 ailleurs dans ce blog, que la sc\u00e8ne que vous aller jouer existe d\u00e9j\u00e0 dans sa\u00a0forme parfaite, et que votre t\u00e2che est de vous rendre r\u00e9ceptif et de d\u00e9couvrir cette sc\u00e8ne.<\/span><\/p>\n<p><span style=\"color: #000000;\">De plus, la sc\u00e8ne elle m\u00eame n\u2019est pas une \u201cid\u00e9e\u201d, mais un flux organiquement ressenti d\u2019\u00e9nergies et de sentiments sous-jacents. Ainsi votre r\u00e9el d\u00e9fi n\u2019est pas d\u2019avoir une id\u00e9e, mais de vous ouvrir\u00a0continuellement et vous autoriser \u00e0 ressentir ce flux d\u2019\u00e9nergie qui est la r\u00e9elle source de la sc\u00e8ne. C\u2019est une t\u00e2che que vous devez ex\u00e9cuter du premier moment de la sc\u00e8ne jusqu\u2019au dernier.<\/span><\/p>\n<p><span style=\"color: #000000;\">Dans mon exemple musical, cela signifie que je reconnais que la r\u00e9elle \u201cmusique\u201d n\u2019est pas constitu\u00e9 que de notes, de la structure d\u2019accord, ou la structure m\u00e9lodique. La vraie musique est le sentiment\u00a0\u00e9motionnel, dynamique et rythmique qui sous-tendra \u00e0 la fois les sons du piano et les mouvements des danseurs. Ma tache n\u2019est pas de penser \u00e0 une id\u00e9e musicale, mais, en utilisant mes doigts sur mon clavier,\u00a0de continuellement me rendre r\u00e9ceptif, en me laissant me connecter avec l&#8217;\u00e9nergie musicale de mani\u00e8re de plus en plus compl\u00e8te. Le r\u00e9sultat? Il sera toujours vrai qu\u2019une \u201cid\u00e9e\u201d musicale claire deviendra vite\u00a0apparente dans ce que je joue. Mais au lieu de rester fig\u00e9e, cette id\u00e9e dans laquelle je me suis install\u00e9e, continuera d&#8217;\u00e9voluer, se d\u00e9velopper, et deviendra plus puissante. Quand elle aura organiquement besoin de\u00a0devenir une autre id\u00e9e, \u00e7a se fera. Ce sera vivant.<\/span><\/p>\n<p><span style=\"color: #000000;\">Dans le cas d\u2019une sc\u00e8ne narrative, les deux acteurs peuvent aussi garder la sc\u00e8ne vivant en imaginant que la sc\u00e8ne qu\u2019ils sont sur le point de jouer existe d\u00e9j\u00e0 dans sa forme id\u00e9ale. Ainsi, la sc\u00e8ne elle m\u00eame n\u2019est\u00a0pas une \u201cid\u00e9e\u201d pour une sc\u00e8ne, et elle n\u2019est pas faite de ce que les acteurs vont faire ou dire. La sc\u00e8ne devient plut\u00f4t un flux organiquement ressenti de sentiments sous-jacents aux mots et aux actions. Le travail\u00a0des deux acteurs et de s\u2019ouvrir a ce flux d&#8217;\u00e9motions de plus en plus pleinement au long de la sc\u00e8ne.<\/span><\/p>\n<p><span style=\"color: #000000;\">Cela signifie que, tout comme le public, toute information nouvelle qu\u2019ils d\u00e9couvrent \u00e0 propos de la sc\u00e8ne est provisoire, et est constamment approfondi et \u00e9largi. Ils se peut qu\u2019ils d\u00e9couvrent, en s\u2019ouvrant au\u00a0flux-d\u2019\u00e9motions-qu\u2019est-la-sc\u00e8ne, que la sc\u00e8ne s\u2019av\u00e8re en effet \u00eatre au sujet d\u2019un mari et d\u2019une femme nomm\u00e9 Sally et Jeff, et qu\u2019ils se disputent en effet pour savoir si oui ou non ils doivent manger au restaurant.\u00a0Mais la t\u00e2che de l\u2019acteur n\u2019est pas accomplie. La tache d\u2019\u00eatre continuellement r\u00e9ceptifs, et, par intuition au fur et a mesure de la sc\u00e8ne en apprendre de plus en plus. Alors que la sc\u00e8ne continue, les acteurs (et le\u00a0public) en apprendront de plus en plus sur qui sont Sally et Jeff, s\u2019ils sont en effet r\u00e9ellement en train de se disputer, et, si c\u2019est le cas, ce dont il s\u2019agit vraiment. Tout est provisoire et sujet \u00e0 un remaniement. La\u00a0sc\u00e8ne grandit et acquiert de la profondeur, et am\u00e8ne l\u2019audience plus loin dans un voyage dans le monde de Sally et Jeff. Les d\u00e9tails de la sc\u00e8ne sont nourris par un savoir intuitif et pr\u00e9cis au lieu de notions\u00a0clich\u00e9es. La sc\u00e8ne vie.<\/span><\/p>\n","protected":false},"excerpt":{"rendered":"<p>Une des erreurs communes est d\u2019entamer une sc\u00e8ne improvis\u00e9e en ayant pour id\u00e9e que le d\u00e9fi de l\u2019improvisation est celui de jouer sans texte, et que, par cons\u00e9quent, quand \u201cune id\u00e9e vous est venue\u201d qui\u00a0\u201cmarche\u201d vous avez d\u2019une certaine mani\u00e8re r\u00e9solu le probl\u00e8me. La raison pour laquelle c\u2019est une erreur est qu\u2019une fois que vous&hellip;<\/p>\n","protected":false},"author":1,"featured_media":0,"parent":341,"menu_order":0,"comment_status":"open","ping_status":"open","template":"","meta":{"footnotes":""},"class_list":["post-653","page","type-page","status-publish","hentry"],"_links":{"self":[{"href":"http:\/\/lakeivan.org\/wordpress\/wp-json\/wp\/v2\/pages\/653","targetHints":{"allow":["GET"]}}],"collection":[{"href":"http:\/\/lakeivan.org\/wordpress\/wp-json\/wp\/v2\/pages"}],"about":[{"href":"http:\/\/lakeivan.org\/wordpress\/wp-json\/wp\/v2\/types\/page"}],"author":[{"embeddable":true,"href":"http:\/\/lakeivan.org\/wordpress\/wp-json\/wp\/v2\/users\/1"}],"replies":[{"embeddable":true,"href":"http:\/\/lakeivan.org\/wordpress\/wp-json\/wp\/v2\/comments?post=653"}],"version-history":[{"count":5,"href":"http:\/\/lakeivan.org\/wordpress\/wp-json\/wp\/v2\/pages\/653\/revisions"}],"predecessor-version":[{"id":693,"href":"http:\/\/lakeivan.org\/wordpress\/wp-json\/wp\/v2\/pages\/653\/revisions\/693"}],"up":[{"embeddable":true,"href":"http:\/\/lakeivan.org\/wordpress\/wp-json\/wp\/v2\/pages\/341"}],"wp:attachment":[{"href":"http:\/\/lakeivan.org\/wordpress\/wp-json\/wp\/v2\/media?parent=653"}],"curies":[{"name":"wp","href":"https:\/\/api.w.org\/{rel}","templated":true}]}}