{"id":700,"date":"2013-10-06T06:37:50","date_gmt":"2013-10-06T18:37:50","guid":{"rendered":"http:\/\/lakeivan.org\/wordpress\/?page_id=700"},"modified":"2015-03-29T12:23:31","modified_gmt":"2015-03-30T00:23:31","slug":"reussir-a-se-debloquer","status":"publish","type":"page","link":"http:\/\/lakeivan.org\/wordpress\/french-test\/improvisation-technique-french\/reussir-a-se-debloquer","title":{"rendered":"SE D\u00c9BLOQUER"},"content":{"rendered":"<p><span style=\"color: #000000;\">Dans certaines situations d\u2019improvisation, vous pouvez vous sentir compl\u00e8tement bloqu\u00e9 au coeur de la sc\u00e8ne. Je ne parle pas du fait de se sentir bloqu\u00e9 parce que vous n\u2019arrivez pas \u00e0 trouver une nouvelle id\u00e9e. En principe, si vous suivez un tant soit peu la technique que je d\u00e9crit dans ce blog, l\u2019id\u00e9e basique selon laquelle je vous recommande de ne pas improviser en \u201cessayant de trouver des id\u00e9es\u201d vous est famili\u00e8re. Je vous recommande plut\u00f4t d\u2019avancer dans la sc\u00e8ne en ressentant la mani\u00e8re dont l\u2019\u00e9nergie se transforme avec le temps. Vous utilisez votre corps, votre voix, et\/ou vos <a href=\"http:\/\/lakeivan.org\/wordpress\/?page_id=603\" target=\"_blank\"><span style=\"color: #000000;\">mots comme outils pour ressentir<\/span><\/a> comment l\u2019\u00e9nergie de la sc\u00e8ne se d\u00e9veloppe dans le temps. Puisque vous travaillez en ressentant ce qui est d\u00e9j\u00e0 <em>l\u00e0 <\/em>dans l\u2019espace et dans votre propre corps, vous n\u2019avez jamais besoin d\u2019inventer une action ou d\u2019avoir une id\u00e9e. Mais si vous travaillez d\u00e9j\u00e0 comme je le recommande, en ressentant l\u2019\u00e9nergie de la sc\u00e8ne, et que vous vous retrouvez embourb\u00e9 dans une \u00e9nergie qui s\u2019apparente au fait de frapper dans un mur encore et encore, et que vous n\u2019arrivez pas \u00e0 vous en sortir? La sc\u00e8ne semble devenir un obstacle insurmontable.<\/span><\/p>\n<p><span style=\"color: #000000;\">Cela arrivera typiquement dans des moments de la sc\u00e8ne ou l\u2019\u00e9nergie \u00e9motionnelle consiste elle m\u00eame en un sentiment bloqu\u00e9, par exemple lorsque votre personnage panique \u00e0 propos d\u2019une situation dangereuse et ne sait pas quoi faire, ou que votre personnage est bloqu\u00e9 dans des sentiments de rage ou de d\u00e9sespoir. Cela peut aussi arriver quand votre personnage (ou le flux de la sc\u00e8ne) atteint un stade d\u2019\u00e9nergie extr\u00eamement bas et las, il semble alors que la sc\u00e8ne ne progressera jamais plus. Comment pouvez vous d\u00e9bloquer une situation dont l\u2019\u00e9nergie elle m\u00eame stagne?<\/span><\/p>\n<p><span style=\"color: #000000;\">Quand je dit que vous jouez la sc\u00e8ne en ressentant son \u00e9nergie il est important de se souvenir que cette \u00e9nergie est toujours en mouvement. Comme si elle s\u2019\u00e9coulait d\u2019une certaine mani\u00e8re, soit elle s\u2019\u00e9coule doucement et tranquillement, ou avec un flux saccad\u00e9 et irr\u00e9gulier, soit vitesse grand V, dans un tempo mod\u00e9r\u00e9, ou avec une lenteur glaciale. L\u2019\u00e9nergie n\u2019atteint jamais un arr\u00eat complet. Et, en effet, quand vous \u201cressentez l\u2019\u00e9nergie de la sc\u00e8ne\u201d, l\u2019une des principales choses que vous ressentez de cette \u00e9nergie c\u2019est <em>la mani\u00e8re dont elle s\u2019\u00e9coule.\u00a0<\/em><\/span><\/p>\n<p><span style=\"color: #000000;\">La prochaine fois que vous sentirez que votre \u00e9nergie est bloqu\u00e9e, rappelez vous que vous devez ressentir la mani\u00e8re donc l\u2019\u00e9nergie change. Si votre personnage semble bloqu\u00e9 dans un \u00e9tat de rage ou de frustration, continuez de vous concentrer sur la mani\u00e8re dont cette rage ou frustration se transforme peu \u00e0 peu (ou peut \u00eatre soudainement), puis surgit et devient le prochain et plus profond d\u00e9veloppement de la sc\u00e8ne. Vous dire \u201cressens l\u2019\u00e9nergie s\u2019\u00e9couler\u201d devrais \u00eatre une indication suffisante. Quand la sc\u00e8ne semble bloqu\u00e9e dans une extr\u00eame lenteur et immobilit\u00e9, souvenez vous que bien que l\u2019\u00e9nergie puisse s\u2019\u00e9couler dans une lenteur excitante et palpitant, elle ne s\u2019arr\u00eatera jamais compl\u00e8tement. Si vous restez concentr\u00e9 sur la lenteur incroyable du mouvement, vous capturerez l\u2019exact moment dans lequel l\u2019\u00e9nergie resurgira, et le public sera ravi de ressentir que tout s\u2019est <em>presque <\/em>arr\u00eat\u00e9 mais s\u2019est ressaisi pour acc\u00e9l\u00e9rer de nouveau. (Vous pouvez entendre Beethoven utiliser ce \u201ctour\u201d dynamique encore et encore dans ses sonates pour piano.)<\/span><\/p>\n<p><span style=\"color: #000000;\">Vous pouvez incorporer cette id\u00e9e \u00e0 votre pr\u00e9paration de la sc\u00e8ne. Au lieu se dire \u201cJe vais ressentir l\u2019\u00e9nergie de la sc\u00e8ne\u201d lors de la pr\u00e9paration, assurez vous de vous dire plut\u00f4t \u201cJe vais ressentir <em>le flux <\/em>de l\u2019\u00e9nergie de la sc\u00e8ne.\u201d<\/span><\/p>\n","protected":false},"excerpt":{"rendered":"<p>Dans certaines situations d\u2019improvisation, vous pouvez vous sentir compl\u00e8tement bloqu\u00e9 au coeur de la sc\u00e8ne. Je ne parle pas du fait de se sentir bloqu\u00e9 parce que vous n\u2019arrivez pas \u00e0 trouver une nouvelle id\u00e9e. En principe, si vous suivez un tant soit peu la technique que je d\u00e9crit dans ce blog, l\u2019id\u00e9e basique selon&hellip;<\/p>\n","protected":false},"author":1,"featured_media":0,"parent":341,"menu_order":0,"comment_status":"open","ping_status":"open","template":"","meta":{"footnotes":""},"class_list":["post-700","page","type-page","status-publish","hentry"],"_links":{"self":[{"href":"http:\/\/lakeivan.org\/wordpress\/wp-json\/wp\/v2\/pages\/700","targetHints":{"allow":["GET"]}}],"collection":[{"href":"http:\/\/lakeivan.org\/wordpress\/wp-json\/wp\/v2\/pages"}],"about":[{"href":"http:\/\/lakeivan.org\/wordpress\/wp-json\/wp\/v2\/types\/page"}],"author":[{"embeddable":true,"href":"http:\/\/lakeivan.org\/wordpress\/wp-json\/wp\/v2\/users\/1"}],"replies":[{"embeddable":true,"href":"http:\/\/lakeivan.org\/wordpress\/wp-json\/wp\/v2\/comments?post=700"}],"version-history":[{"count":8,"href":"http:\/\/lakeivan.org\/wordpress\/wp-json\/wp\/v2\/pages\/700\/revisions"}],"predecessor-version":[{"id":880,"href":"http:\/\/lakeivan.org\/wordpress\/wp-json\/wp\/v2\/pages\/700\/revisions\/880"}],"up":[{"embeddable":true,"href":"http:\/\/lakeivan.org\/wordpress\/wp-json\/wp\/v2\/pages\/341"}],"wp:attachment":[{"href":"http:\/\/lakeivan.org\/wordpress\/wp-json\/wp\/v2\/media?parent=700"}],"curies":[{"name":"wp","href":"https:\/\/api.w.org\/{rel}","templated":true}]}}