{"id":745,"date":"2014-02-23T11:43:08","date_gmt":"2014-02-23T23:43:08","guid":{"rendered":"http:\/\/lakeivan.org\/wordpress\/?page_id=745"},"modified":"2014-02-23T11:43:08","modified_gmt":"2014-02-23T23:43:08","slug":"utiliser-son-corps","status":"publish","type":"page","link":"http:\/\/lakeivan.org\/wordpress\/french-test\/improvisation-technique-french\/utiliser-son-corps","title":{"rendered":"UTILISER SON CORPS"},"content":{"rendered":"<div title=\"Page 1\">\n<div><\/div>\n<div><\/div>\n<div><span style=\"color: #000000;\">Voici un peu de th\u00e9orie sur l\u2019improvisation :<\/span><\/div>\n<div>\n<p><span style=\"color: #000000;\">Comme expliqu\u00e9 dans l\u2019article \u201c<a title=\"La Relation Avec Le Public\" href=\"http:\/\/lakeivan.org\/wordpress\/?page_id=633\" target=\"_blank\"><span style=\"color: #000000;\">La relation avec le public<\/span><\/a>\u201d, si votre travail en tant que performer n\u2019est pas de <em>montrer<\/em> la sc\u00e8ne au public, ni de <em>jouer<\/em> la sc\u00e8ne pour le public, mais seulement de <em>ressentir<\/em> les energies-et-\u00e9motions qui sont la structure sous-jacente de la sc\u00e8ne, alors quelle est votre relation au public ? Comment entretiennent-ils leur lien \u00e0 la sc\u00e8ne ?<\/span><\/p>\n<p><span style=\"color: #000000;\">Comme je l\u2019ai \u00e9crit dans cet article pr\u00e9c\u00e9dent, votre travail en tant que performer et de ressentir l&#8217;\u00e9nergie de la sc\u00e8ne en tant que sensation physique. Vous la ressentez dans votre corps. Vous utilisez vos mots pour la ressentir physiquement avec votre voix. Plus vous la ressentez comme une sensation physique, plus ce sera clair pour le public. Plus vous la ressentez physiquement avec votre voix plus ce sera audible pour le public.<\/span><\/p>\n<p><span style=\"color: #000000;\">Donc le but d\u2019une bonne technique serait de ressentir l&#8217;\u00e9nergie de la sc\u00e8ne le plus physiquement possible en utilisant tout votre corps. Une bonne phrase \u00e0 vous dire lors de votre pr\u00e9paration de la sc\u00e8ne serait \u201cmon objectif est de ressentir le plus physiquement possible, avec chaque cellule de mon corps, le flux d\u2019emotions et d\u2019energie qui constitue la sc\u00e8ne\u201d.<\/span><\/p>\n<p><span style=\"color: #000000;\">Mais qu\u2019est ce que cela veut dire de \u201cressentir l\u2019energie de la sc\u00e8ne le plus physiquement possible\u201d? Imaginez que l\u2019humeur, l&#8217;\u00e9nergie que vous sentez sous-jacente \u00e0 un certain moment de la sc\u00e8ne est une humeur d\u2019anxi\u00e9t\u00e9, de crainte, comme si quelque chose d\u2019horrible allait arriver. Si vous vous dites de \u201cressentir l\u2019energie de plus en plus physiquement\u201d, cela veut-il dire que vous courberez vos \u00e9paules, plisserez vos yeux, jeterez des coups d\u2019oeil rapidement \u00e0 tout les coins de la pi\u00e8ce, et ainsi agirais comme une extr\u00e8me caricature de parano\u00efa tout droit sortie du Th\u00e9\u00e2tre Yiddish?<\/span><\/p>\n<p><span style=\"color: #000000;\">Seulement si vous comprenez mal l\u2019instruction. \u201cRessentez de plus en plus physiquement\u201d <em>ne veux pas<\/em> dire \u201c<em>faites<\/em> toutes sortes de mouvements physiques et de gestes <em>repr\u00e9sentant le concept<\/em> que vous associez avec <em>l\u2019id\u00e9e<\/em> que vous vous faites de cette \u00e9nergie\u201d. Notez que, comme toutes les consignes d\u2019improvisation que j\u2019utilise dans ma technique, cette consigne n\u2019est pas la consigne de <em>faire<\/em> quoique ce soit : pas de faire des gestes, pas de faire des mouvements, rien de cela. C\u2019est plutot une consigne \u201cressentez cela\u201d et pas une consigne \u201cfaites cela\u201d. Tout ce que vous avez besoin de faire c\u2019est d\u2019\u00eatre pr\u00e9sent dans votre corps, et ressentir la crainte, l\u2019anxi\u00e9t\u00e9 qui sont les humeurs sous-jacentes de ce moment particulier, et concentrez vous afin de ressentir cette anxi\u00e9t\u00e9 et crainte comme une sensation <em>physique<\/em>, s\u2019\u00e9coulant au travers de vos bras, vos jambes, votre torse, votre corps tout entier. Le moindre mouvement involontaire que vous effectuerez afin de maximiser \u00e0 quel point ce que vous \u201cressentez\u201d est plus qu\u2019assez pour communiquer l\u2019\u00e9tat d\u2019esprit du personnage, dans un style appropri\u00e9 minimis\u00e9.<\/span><\/p>\n<p><span style=\"color: #000000;\">En parlant de style : imaginez que vous etes dans une situation similaire dans une sc\u00e8ne, mais vous pouviez ressentir toute l\u2019energie de la sc\u00e8ne comme grossi\u00e8rement absurde, exag\u00e9rement ridicule et comique. En vous disant de \u201cressentir l\u2019\u00e9nergie\u201d de la crainte sous-jacente \u201cle plus physiquement possible\u201d, vous serez, dans ce cas l\u00e0, naturellement guid\u00e9 \u00e0 laisser votre corps prendre tout les postures et gestes les plus ridicules, absurdes et comiques, ce que vous n\u2019auriez pas fait dans une sc\u00e8ne plus naturaliste, dramatique. Ce qui explique cela c\u2019est la difference entre deux sc\u00e8nes, possedant essentiellement les m\u00eames personnages et la m\u00eame intrigue, o\u00f9 l\u2019une est un drame naturaliste et l\u2019autre est une com\u00e9die exag\u00e9r\u00e9e et absurde, et c\u2019est plus pr\u00e9cisement la diff\u00e9rence dans l\u2019energie physique. Dans la version absurde, les \u00e9motions peuvent d\u00e9border dans la forme physique la plus grotesquement exag\u00e9r\u00e9e possible. (Les mots, et les r\u00e9actions du personnages face \u00e0 la situation peuvent de m\u00eame d\u00e9border dans un style hors du commun.) Intuitivement, si vous et votre partenaire de jeu ressentez la sc\u00e8ne dans son style comique, absurde, vous laisserez naturellement votre corps assumer une version de plus en plus exager\u00e9e de l\u2019humeur de la sc\u00e8ne. Le style, aussi, est donc quelque chose que vous et votre partenaire ressentez comme une sensation physique.\u00a0<\/span><\/p>\n<\/div>\n<\/div>\n","protected":false},"excerpt":{"rendered":"<p>Voici un peu de th\u00e9orie sur l\u2019improvisation : Comme expliqu\u00e9 dans l\u2019article \u201cLa relation avec le public\u201d, si votre travail en tant que performer n\u2019est pas de montrer la sc\u00e8ne au public, ni de jouer la sc\u00e8ne pour le public, mais seulement de ressentir les energies-et-\u00e9motions qui sont la structure sous-jacente de la sc\u00e8ne, alors&hellip;<\/p>\n","protected":false},"author":1,"featured_media":0,"parent":341,"menu_order":0,"comment_status":"open","ping_status":"open","template":"","meta":{"footnotes":""},"class_list":["post-745","page","type-page","status-publish","hentry"],"_links":{"self":[{"href":"http:\/\/lakeivan.org\/wordpress\/wp-json\/wp\/v2\/pages\/745","targetHints":{"allow":["GET"]}}],"collection":[{"href":"http:\/\/lakeivan.org\/wordpress\/wp-json\/wp\/v2\/pages"}],"about":[{"href":"http:\/\/lakeivan.org\/wordpress\/wp-json\/wp\/v2\/types\/page"}],"author":[{"embeddable":true,"href":"http:\/\/lakeivan.org\/wordpress\/wp-json\/wp\/v2\/users\/1"}],"replies":[{"embeddable":true,"href":"http:\/\/lakeivan.org\/wordpress\/wp-json\/wp\/v2\/comments?post=745"}],"version-history":[{"count":8,"href":"http:\/\/lakeivan.org\/wordpress\/wp-json\/wp\/v2\/pages\/745\/revisions"}],"predecessor-version":[{"id":753,"href":"http:\/\/lakeivan.org\/wordpress\/wp-json\/wp\/v2\/pages\/745\/revisions\/753"}],"up":[{"embeddable":true,"href":"http:\/\/lakeivan.org\/wordpress\/wp-json\/wp\/v2\/pages\/341"}],"wp:attachment":[{"href":"http:\/\/lakeivan.org\/wordpress\/wp-json\/wp\/v2\/media?parent=745"}],"curies":[{"name":"wp","href":"https:\/\/api.w.org\/{rel}","templated":true}]}}