{"id":871,"date":"2015-03-13T00:53:31","date_gmt":"2015-03-13T12:53:31","guid":{"rendered":"http:\/\/lakeivan.org\/wordpress\/?page_id=871"},"modified":"2015-03-13T00:53:31","modified_gmt":"2015-03-13T12:53:31","slug":"la-crise-de-lenergie","status":"publish","type":"page","link":"http:\/\/lakeivan.org\/wordpress\/french-test\/improvisation-technique-french\/la-crise-de-lenergie","title":{"rendered":"LA CRISE DE L\u2019\u00c9NERGIE"},"content":{"rendered":"<p><span style=\"color: #000000;\">Je travaille de temps en temps avec des acteurs ou \u00e9tudiants qui ont d\u00e9j\u00e0 eut l\u2019impression de se sentir compl\u00e8tement \u00e9puis\u00e9 alors qu\u2019ils tentaient de r\u00e9p\u00e9ter ou de jouer. (Naturellement j\u2019ai moi m\u00eame d\u00e9j\u00e0 v\u00e9cu cela.) Dans une improvisation vous \u00eates cens\u00e9 vous connecter avec la r\u00e9alit\u00e9 de ce que vous ressentez \u00e0 chaque moment, et faire de cela la base de la sc\u00e8ne, n\u2019est ce pas? Mais que se passe-t-il lorsque ce que vous ressentez est de l\u2019atonie et de la faiblesse ? Et si la sc\u00e8ne s\u2019av\u00e8re \u00eatre beaucoup trop longue, interminable sans sens ni but pr\u00e9cis ?<\/span><\/p>\n<p><span style=\"color: #000000;\">Je rappelle donc premi\u00e8rement \u00e0 l\u2019acteur (ou \u00e0 moi-m\u00eame) qu\u2019il a en r\u00e9alit\u00e9 beaucoup d\u2019\u00e9nergie et qu\u2019il a seulement un probl\u00e8me pour y acc\u00e9der. Si un criminel enrag\u00e9 entrait dans la pi\u00e8ce, brandissant un pistolet ou une hachette, les personnes pr\u00e9sentes seraient alors emplies d\u2019une \u00e9norme pouss\u00e9e d\u2019adr\u00e9naline donc d\u2019\u00e9nergie et ils chercheraient un moyen de sauver leurs vies. Ainsi, le probl\u00e8me n\u2019est pas \u00ab je n\u2019ai plus d\u2019\u00e9nergie \u00bb mais plut\u00f4t \u00ab comment pourrais-je surmonter les obstacles qui m\u2019emp\u00eachent d\u2019acc\u00e9der \u00e0 mon \u00e9nergie ? \u00bb<\/span><\/p>\n<p><span style=\"color: #000000;\">La cause la plus fr\u00e9quente d\u2019une interminable \u00ab crise de l\u2019\u00e9nergie \u00bb pendant une improvisation est la confusion de l\u2019acteur entre, d\u2019une part, l\u2019\u00e9nergie de la sc\u00e8ne qui est l\u2019\u00e9nergie de leur personnage, le flux de sensations et musicalit\u00e9 qu\u2019il incarne avec les autres acteurs et d\u2019autre part, son \u00e9nergie personnelle en tant qu\u2019artiste qui est l\u2019\u00e9nergie qu\u2019il mets dans son jeu.<\/span><\/p>\n<p><span style=\"color: #000000;\">L\u2019\u00e9nergie de la sc\u00e8ne peut \u00eatre n\u2019importe laquelle. Cette \u00e9nergie est en effet constitu\u00e9e de tout ce que vous ressentez dans l\u2019espace de chaque moment. Cela pourrait \u00eatre de l\u2019extase, de l\u2019ennui, de la parano\u00efa, et, oui, cela pourrait \u00eatre de l\u2019\u00e9puisement, de la faiblesse et de la lassitude. C\u2019est l\u2019\u00e9nergie que vous <em>jouez<\/em>, et, dans l\u2019improvisation, cela devrait \u00eatre quoi que ce soit que vous vous d\u00e9couvrez ressentir \u00e0 l\u2019instant, sans aucun effort pour le simuler, le fabriquer ou le changer. Si vous en venez \u00e0 ressentir que l\u2019\u00e9nergie de la sc\u00e8ne est dans la faiblesse ou la fatigue, ce n\u2019est pas la peine d\u2019essayer de la changer en quelque chose de plus excitant pour le public, car vous pouvez jouer une sc\u00e8ne \u00e0 propos d\u2019\u00e9puisement et la rendre extr\u00eamement dr\u00f4le, excitante ou \u00e9mouvante pour un public.<\/span><\/p>\n<p><span style=\"color: #000000;\">D\u2019autre part, votre propre \u00e9nergie en tant que personne qui joue, doit \u00eatre tr\u00e8s coh\u00e9rente. Vous vous d\u00e9menez en permanence. Vous faites l\u2019effort de vous ouvrir au flux de la sc\u00e8ne et des sentiments qu\u2019elle \u00e9veille en vous tandis qu\u2019elle se transforme en mots, actions et silences. Vous faites l\u2019effort de constamment vous permettre de ressentir de plus en plus pleinement ce flux. Cela demande, \u00e0 chaque instant, \u00e9norm\u00e9ment de concentration et d\u2019\u00e9nergie.<\/span><\/p>\n<p><span style=\"color: #000000;\">Ainsi, si vous ressentez que l\u2019\u00e9nergie de la sc\u00e8ne est une \u00e9nergie d\u2019\u00e9puisement, de faiblesse vous travaillerez toujours d\u2019arrache pied pour ressentir cette \u00e9nergie et la transformer en performance. Vous vous d\u00e9menez pour ressentir cette \u00e9nergie de faiblesse et pour ressentir sa transformation en mots, actions et silences. Vous essayez de vous ouvrir et de la ressentir de plus en plus pleinement. Vous essayez de comprendre, ressentir en quoi cette \u00e9nergie est une partie du tout qu\u2019est le flux d\u2019\u00e9nergie dans l\u2019espace : les autres acteurs, et le cadre corporel. Et, \u00e9videmment, vous vous efforcez de rester conscient de la fa\u00e7on dont cette sensation de faiblesse se d\u00e9veloppe, change et \u00e9volue en la chose suivante.<\/span><\/p>\n<p><span style=\"color: #000000;\">Fort de la certitude que <em>vous, l\u2019interpr\u00e8te<\/em>, travaillez toujours aussi dur que possible, m\u00eame lorsque le personnage que vous jouez ressent un manque total d\u2019\u00e9nergie, vous vous rendrez compte que les passages de la sc\u00e8ne qui traitent d\u2019\u00e9puisement deviennent pour le public certains des passages les plus captivants et excitants.<\/span><\/p>\n","protected":false},"excerpt":{"rendered":"<p>Je travaille de temps en temps avec des acteurs ou \u00e9tudiants qui ont d\u00e9j\u00e0 eut l\u2019impression de se sentir compl\u00e8tement \u00e9puis\u00e9 alors qu\u2019ils tentaient de r\u00e9p\u00e9ter ou de jouer. (Naturellement j\u2019ai moi m\u00eame d\u00e9j\u00e0 v\u00e9cu cela.) Dans une improvisation vous \u00eates cens\u00e9 vous connecter avec la r\u00e9alit\u00e9 de ce que vous ressentez \u00e0 chaque moment,&hellip;<\/p>\n","protected":false},"author":1,"featured_media":0,"parent":341,"menu_order":0,"comment_status":"open","ping_status":"open","template":"","meta":{"footnotes":""},"class_list":["post-871","page","type-page","status-publish","hentry"],"_links":{"self":[{"href":"http:\/\/lakeivan.org\/wordpress\/wp-json\/wp\/v2\/pages\/871","targetHints":{"allow":["GET"]}}],"collection":[{"href":"http:\/\/lakeivan.org\/wordpress\/wp-json\/wp\/v2\/pages"}],"about":[{"href":"http:\/\/lakeivan.org\/wordpress\/wp-json\/wp\/v2\/types\/page"}],"author":[{"embeddable":true,"href":"http:\/\/lakeivan.org\/wordpress\/wp-json\/wp\/v2\/users\/1"}],"replies":[{"embeddable":true,"href":"http:\/\/lakeivan.org\/wordpress\/wp-json\/wp\/v2\/comments?post=871"}],"version-history":[{"count":5,"href":"http:\/\/lakeivan.org\/wordpress\/wp-json\/wp\/v2\/pages\/871\/revisions"}],"predecessor-version":[{"id":876,"href":"http:\/\/lakeivan.org\/wordpress\/wp-json\/wp\/v2\/pages\/871\/revisions\/876"}],"up":[{"embeddable":true,"href":"http:\/\/lakeivan.org\/wordpress\/wp-json\/wp\/v2\/pages\/341"}],"wp:attachment":[{"href":"http:\/\/lakeivan.org\/wordpress\/wp-json\/wp\/v2\/media?parent=871"}],"curies":[{"name":"wp","href":"https:\/\/api.w.org\/{rel}","templated":true}]}}