{"id":882,"date":"2015-04-09T08:35:07","date_gmt":"2015-04-09T20:35:07","guid":{"rendered":"http:\/\/lakeivan.org\/wordpress\/?page_id=882"},"modified":"2015-04-09T08:35:07","modified_gmt":"2015-04-09T20:35:07","slug":"le-fond-et-la-forme","status":"publish","type":"page","link":"http:\/\/lakeivan.org\/wordpress\/french-test\/improvisation-technique-french\/le-fond-et-la-forme","title":{"rendered":"LE FOND ET LA FORME"},"content":{"rendered":"<p><span style=\"color: #000000;\">Voici quelques unes de mes pens\u00e9es sur le sujet du fond et de la forme\u2026<\/span><\/p>\n<p><span style=\"color: #000000;\">Je vais traiter de ces interrogations comme elles me surviennent dans mon job de pianiste pour des cours de danse.<\/span><\/p>\n<p><span style=\"color: #000000;\">De temps en temps quand je joue pour des cours, une id\u00e9e me vient d\u2019une forme sp\u00e9cifique de musique \u00e0 jouer. Mon travail consiste \u00e0 trouver, inventer, un musique qui aiderait les danseurs dans leur apprentissage de la danse, en appuyant le rythme, style et \u00e9motions du mouvement et je trouve souvent des id\u00e9es pour des accords assez pr\u00e9cis, des m\u00e9lodies et\u00a0 des structures musicales sp\u00e9cifiques qui accompliront ing\u00e9nieusement cette fonction\u00a0: que les \u00e9tudiants ressentent un accent musical lors d\u2019un saut, ou ressentent le glissement et les contours d\u2019une phrase chor\u00e9graphique, ou qu\u2019ils comprennent un style particulier de danse. Puisque je fais ce travail depuis 23 ans, mes id\u00e9es sont g\u00e9n\u00e9ralement solides et, quand je les jouent, elles semblent \u00ab\u00a0marcher\u00a0\u00bb au sens basique du terme, c\u2019est \u00e0 dire : elles vont avec le mouvement, et personne n&#8217;est troubl\u00e9 par ce que je joue ou ne se plaint. Cependant, personne ne semble non plus inspir\u00e9 par ce que je joue. Les \u00e9l\u00e8ves ne semble pas particuli\u00e8rement excit\u00e9s par les mouvements, et le professeur ne r\u00e9agit pas particuli\u00e8rement \u00e0 la musique.<\/span><\/p>\n<p><span style=\"color: #000000;\">Ensuite je reprends mes esprits. Je me rappelle des principes basiques de ma technique d&#8217;impro. Il n&#8217;y a qu&#8217;<em>un<\/em> seul but. Il n&#8217;y a qu&#8217;<em>une<\/em> chose sur laquelle se concentrer dans n&#8217;importe quelle improvisation. La saturation. (Vous pouvez trouver une d\u00e9finition d\u00e9taill\u00e9e \u00e0 propos de la <a href=\"http:\/\/lakeivan.org\/wordpress\/?page_id=621\" target=\"_blank\"><span style=\"color: #000000;\">saturation<\/span><\/a> au tout d\u00e9but de mon blog)<\/span><\/p>\n<p><span style=\"color: #000000;\">Dans cette situation pr\u00e9cise, mon impro a une structure tr\u00e8s particuli\u00e8re\u00a0: elle doit suivre l&#8221;exacte structure rythmique du mouvement qu&#8217;elle accompagne et soutenir le mouvement comme expliqu\u00e9 plus haut. (L&#8217;\u00e9cole enseigne des danses modernes et de ballet assez traditionnelles donc il n&#8217;est pas g\u00e9n\u00e9ralement tr\u00e8s appropri\u00e9 de jouer de la musique qui est en grand d\u00e9calage avec le mouvement.)<\/span><\/p>\n<p><span style=\"color: #000000;\">Alors, dans ce cas, la \u00ab\u00a0saturation\u00a0\u00bb en tant que but signifie\u00a0: ressentir le mouvement. Plus sp\u00e9cifiquement, ressentir le flux d&#8217;\u00e9nergie-et-\u00e9motions sous-jacentes au mouvement. Ainsi vouloir augmenter de plus en plus la saturation signifie, \u00e0 mesure que je joue, je m&#8217;autorise continuellement \u00e0 ressentir le flux du mouvement de plus en plus pleinement.<\/span><\/p>\n<p><span style=\"color: #000000;\">Une autre fa\u00e7on de penser cette m\u00eame chose c&#8217;est d&#8217;\u00eatre de plus en plus compl\u00e8tement \u00aben dedans\u00a0\u00bb du flux du mouvement. Le but est d&#8217;\u00eatre dans un \u00e9tat dans lequel chaque cellule de mon corps et chaque aspect de mon \u00eatre est \u00e0 l&#8217;int\u00e9rieur de ce flux de mouvement sans aucune partie de moi rest\u00e9e \u00e0 \u00ab\u00a0l&#8217;ext\u00e9rieur\u00a0\u00bb en tant qu\u2019observateur. Peu importe le temps que je passe \u00e0 jouer, je peux continuellement \u00eatre de plus en plus compl\u00e8tement \u00ab\u00a0dedans\u00a0\u00bb. Imager le fait d\u2019\u00eatre \u00ab\u00a0de plus en plus dedans\u00a0\u00bb marche souvient mieux que de parler de \u00ab\u00a0saturation\u00a0\u00bb.<\/span><\/p>\n<p><span style=\"color: #000000;\">Que se passe-t-il lorsque je reviens \u00e0 moi-m\u00eame et commence \u00e0 me concentrer sur la saturation\u00a0? Je me r\u00e9sous de ne d\u00e9penser aucun effort ou quoi que ce soit \u00e0 essayer de \u00ab\u00a0faire\u00a0\u00bb des formes musicales. Je vais mettre tout mes efforts dans un seul et unique but : me sentir de plus en plus satur\u00e9. (Bien sur, le \u00ab\u00a0flux du mouvement\u00a0\u00bb duquel je m\u2019emplis inclus la forme musicale du mouvement, donc ma musique \u00e0 toujours la bonne forme.)<\/span><\/p>\n<p><span style=\"color: #000000;\">Soudainement, les danseurs sont inspir\u00e9s par la musique. Ils deviennent enthousiastes. Ils dansent mieux. Commencent \u00e0 me lancer des sourires. Le professeur dit que la musique est formidable. Les danseurs me remercient \u00e0 la fin du cours pour cette formidable musique qui a \u00e9t\u00e9 une importante source d\u2019inspiration pour leur danse.<\/span><\/p>\n<p><span style=\"color: #000000;\">D\u2019une certaine fa\u00e7on, les danseurs r\u00e9agissent \u00e0 la musique de la m\u00eame mani\u00e8re qu\u2019un public de th\u00e9\u00e2tre r\u00e9agit \u00e0 une sc\u00e8ne, voire m\u00eame <em>d\u2019avantage<\/em> .\u00a0Les danseurs ne r\u00e9agiront \u00e0 la musique que si elle leur fait ressentir quelque chose. De m\u00eame, la \u00ab\u00a0saturation\u00a0\u00bb est en r\u00e9alit\u00e9 le seul but dont un acteur a besoin pour une improvisation car c\u2019est la seule chose qui int\u00e9resse le public. La seule raison pour laquelle on va au th\u00e9\u00e2tre c\u2019est pour ressentir quelque chose. Avez vous d\u00e9j\u00e0 entendu quelqu\u2019un dire qu\u2019il devait absolument revoir une pi\u00e8ce un seconde fois car elle \u00e9tait merveilleusement bien construite. La seule raison pour laquelle un public appr\u00e9cie un pi\u00e8ce bien construite c\u2019est parce que cela leur permet de ressentir quelque chose.<\/span><\/p>\n<p><span style=\"color: #000000;\">Cependant, quand je me concentre exclusivement sur le but de la saturation, une dr\u00f4le de chose arrive \u00e0 <em>la forme<\/em> de la musique : c\u2019est meilleur que quoique ce soit que j\u2019ai cr\u00e9e quand j\u2019essayais consciemment de \u00abdonner\u00bb une forme. \u00c7a atteint une simplicit\u00e9 et clart\u00e9 qui est d\u2019autant plus expressive et sonne comme si j\u2019avais pass\u00e9 des mois \u00e0 affiner une composition \u00e9crite. A certains moment cela atteint une complexit\u00e9 incroyable. Je me suis retrouv\u00e9 \u00e0 jouer des fugues \u00e0 plusieurs voies, et des styles dont je n\u2019\u00e9tait pas conscient de savoir m\u00eame les jouer. G\u00e9n\u00e9ralement, la forme est forte, claire, expressive et correspond parfaitement au mouvement.<\/span><\/p>\n<p><span style=\"color: #000000;\">En d\u2019autres termes, en abandonnant le but de vouloir consciemment \u00ab\u00a0faire\u00a0\u00bb des formes, et en m\u2019attachant au but de maximiser la saturation, j\u2019invente les meilleures formes possible. Et cela parce qu\u2019une belle forme l\u2019est pr\u00e9cis\u00e9ment car c\u2019est la forme naturelle et organique n\u00e9cessaire a un flux particulier d\u2019\u00e9nergie. Comme Ben Shahn a dit, la forme est \u00ab\u00a0la forme du contenu\u00a0\u00bb.<\/span><\/p>\n","protected":false},"excerpt":{"rendered":"<p>Voici quelques unes de mes pens\u00e9es sur le sujet du fond et de la forme\u2026 Je vais traiter de ces interrogations comme elles me surviennent dans mon job de pianiste pour des cours de danse. De temps en temps quand je joue pour des cours, une id\u00e9e me vient d\u2019une forme sp\u00e9cifique de musique \u00e0&hellip;<\/p>\n","protected":false},"author":1,"featured_media":0,"parent":341,"menu_order":0,"comment_status":"open","ping_status":"open","template":"","meta":{"footnotes":""},"class_list":["post-882","page","type-page","status-publish","hentry"],"_links":{"self":[{"href":"http:\/\/lakeivan.org\/wordpress\/wp-json\/wp\/v2\/pages\/882","targetHints":{"allow":["GET"]}}],"collection":[{"href":"http:\/\/lakeivan.org\/wordpress\/wp-json\/wp\/v2\/pages"}],"about":[{"href":"http:\/\/lakeivan.org\/wordpress\/wp-json\/wp\/v2\/types\/page"}],"author":[{"embeddable":true,"href":"http:\/\/lakeivan.org\/wordpress\/wp-json\/wp\/v2\/users\/1"}],"replies":[{"embeddable":true,"href":"http:\/\/lakeivan.org\/wordpress\/wp-json\/wp\/v2\/comments?post=882"}],"version-history":[{"count":8,"href":"http:\/\/lakeivan.org\/wordpress\/wp-json\/wp\/v2\/pages\/882\/revisions"}],"predecessor-version":[{"id":890,"href":"http:\/\/lakeivan.org\/wordpress\/wp-json\/wp\/v2\/pages\/882\/revisions\/890"}],"up":[{"embeddable":true,"href":"http:\/\/lakeivan.org\/wordpress\/wp-json\/wp\/v2\/pages\/341"}],"wp:attachment":[{"href":"http:\/\/lakeivan.org\/wordpress\/wp-json\/wp\/v2\/media?parent=882"}],"curies":[{"name":"wp","href":"https:\/\/api.w.org\/{rel}","templated":true}]}}