{"id":922,"date":"2015-11-21T08:36:05","date_gmt":"2015-11-21T20:36:05","guid":{"rendered":"http:\/\/lakeivan.org\/wordpress\/?page_id=922"},"modified":"2015-11-21T08:41:27","modified_gmt":"2015-11-21T20:41:27","slug":"le-retour-a-la-source-partie-2-lexercice-alternant","status":"publish","type":"page","link":"http:\/\/lakeivan.org\/wordpress\/french-test\/des-exercices-dimprovisation\/le-retour-a-la-source-partie-2-lexercice-alternant","title":{"rendered":"LE RETOUR \u00c0 LA SOURCE PARTIE 2 : L\u2019EXERCICE ALTERNANT"},"content":{"rendered":"<p><span style=\"color: #000000;\">Maintenant que vous avez lu la premi\u00e8re partie de <a title=\"LE RETOUR \u00c0 LA SOURCE\" href=\"http:\/\/lakeivan.org\/wordpress\/?page_id=913\" target=\"_blank\"><span style=\"color: #000000;\">\u00ab Le Retour \u00e0 la Source \u00bb<\/span><\/a> vous voudrez en savoir plus \u00e0 propos de cette exercice utile pour d\u00e9velopper l\u2019habitude de Retourner \u00e0 la Source.<\/span><\/p>\n<p><span style=\"color: #000000;\">\u00a0Cet exercice est bas\u00e9 sur le fait que, g\u00e9n\u00e9ralement, si vous faites une improvisation vocale <em>non-verbale<\/em>, c\u2019est \u00e0 dire que vous faites toutes sortes de sons vocaux mais sans que ces sons ne puissent sonner comme des mots clairs, il est tr\u00e8s facile de sentir que vous \u00eates directement connect\u00e9 \u00e0 la Source de la sc\u00e8ne. Tant que vous utilisez des sons vocaux non-verbaux, il est assez simple de ressentir que votre ligne vocale est directement une partie du flux d\u2019\u00e9nergie\/musicalit\u00e9\/sentiments qui forme la Source de la sc\u00e8ne (transmis par la lentille de votre Centre). Ce n\u2019est qu\u2019en utilisant des mots r\u00e9els que vous pouvez occasionnellement avoir des incertitudes sur le fait que la sc\u00e8ne vous parvienne directement de la Source. Notez que, en jouant une sc\u00e8ne vocale non-verbale, vous aurez quelquefois des mots en t\u00eate, c\u2019est \u00e0 dire, vous saurez exactement quels mots vous <em>diriez<\/em> si vous \u00e9tiez autoris\u00e9 \u00e0 en dire. Certaines fois vous n\u2019aurez pas de mots pr\u00e9cis dans votre t\u00eate; vous \u00e9mettrez juste des sons. Cela ne devrait faire aucune diff\u00e9rence, et l\u2019exercice marchera aussi bien dans un cas que dans l\u2019autre tant que, si vous <em>avez<\/em> des mots en t\u00eate, vous ne les laissez pas sortir en sonnant comme des mots sp\u00e9cifiques et clairs. (D\u00e9formez les ou troublez les afin qu\u2019ils ne sonnent pas comme des mots r\u00e9els).<\/span><\/p>\n<p><span style=\"color: #000000;\">\u00a0Voici l\u2019exercice : commencez votre sc\u00e8ne en utilisant des sons vocaux non- verbaux. Utilisez ce temps pour \u00e9tablir une sensation solide de connexion \u00e0 la Source par votre Centre. (Voir l\u2019article <a title=\"link\" href=\"http:\/\/lakeivan.org\/wordpress\/?page_id=621\" target=\"_blank\"><span style=\"color: #000000;\">\u00abEmmener le public en voyage \u00bb<\/span><\/a> pour plus de d\u00e9tails.) Quand vous sentez une bonne et solide connexion \u00e0 la source, commencez \u00e0 <em>alterner<\/em> entre une phrase avec des mots r\u00e9els et la suivante avec des sons vocaux non-verbaux. Ne vous distrayez pas en essayant de savoir pr\u00e9cis\u00e9ment o\u00f9 chaque nouvelle \u00ab phrase \u00bb doit d\u00e9buter, essayez seulement d\u2019\u00e9tablir un rythme r\u00e9gulier en allant et venant, \u00e0 peu pr\u00e8s chaque une ou deux lignes, entre parler verbalement et utiliser des sons vocaux non-verbaux.<\/span><\/p>\n<p><span style=\"color: #000000;\">\u00a0Ce que vous essayez de pratiquez ici est <em>l\u2019habitude<\/em> de constamment replonger dans la source, afin de trouver votre prochaine ligne de texte. Vous d\u00e9couvrirez en faisant l\u2019exercice que lorsque que vous faites les lignes altern\u00e9es qui sont constitu\u00e9es de vrais mots quelques fois le sujet de votre language sera le m\u00eame que dans la phras\u00e9 parl\u00e9e pr\u00e9c\u00e9dente et d\u2019autres fois il aura chang\u00e9. Mais, dans chacun des cas, vous ressentirez que tout ce qui sortira de votre bouche est bon pour la sc\u00e8ne, parce que vous saurez qu\u2019il vient d\u2019un contact renou\u00e9 avec la Source.<\/span><\/p>\n<p><span style=\"color: #000000;\">Version plus d\u00e9velopp\u00e9e : essayez cela lorsque vous sentirez que vous avez solidement \u00e9tabli l\u2019habitude de constamment renouer votre contact avec la Source.<\/span><\/p>\n<p><span style=\"color: #000000;\">Commencez votre sc\u00e8ne avec des sons vocaux non-verbaux. Une fois que vous sentez que vous avez \u00e9tabli une forte connexion avec la Source, passez \u00e0 un usage permanent de mots r\u00e9els, mais gardez la notion que vous avez d\u00e9velopp\u00e9 dans l\u2019exercice pr\u00e9c\u00e9dent qu\u2019avec chaque nouvelle \u00ab phrase \u00bb vous renouez votre connexion \u00e0 la Source.<\/span><\/p>\n","protected":false},"excerpt":{"rendered":"<p>Maintenant que vous avez lu la premi\u00e8re partie de \u00ab Le Retour \u00e0 la Source \u00bb vous voudrez en savoir plus \u00e0 propos de cette exercice utile pour d\u00e9velopper l\u2019habitude de Retourner \u00e0 la Source. \u00a0Cet exercice est bas\u00e9 sur le fait que, g\u00e9n\u00e9ralement, si vous faites une improvisation vocale non-verbale, c\u2019est \u00e0 dire que&hellip;<\/p>\n","protected":false},"author":1,"featured_media":0,"parent":928,"menu_order":0,"comment_status":"open","ping_status":"open","template":"","meta":{"footnotes":""},"class_list":["post-922","page","type-page","status-publish","hentry"],"_links":{"self":[{"href":"http:\/\/lakeivan.org\/wordpress\/wp-json\/wp\/v2\/pages\/922","targetHints":{"allow":["GET"]}}],"collection":[{"href":"http:\/\/lakeivan.org\/wordpress\/wp-json\/wp\/v2\/pages"}],"about":[{"href":"http:\/\/lakeivan.org\/wordpress\/wp-json\/wp\/v2\/types\/page"}],"author":[{"embeddable":true,"href":"http:\/\/lakeivan.org\/wordpress\/wp-json\/wp\/v2\/users\/1"}],"replies":[{"embeddable":true,"href":"http:\/\/lakeivan.org\/wordpress\/wp-json\/wp\/v2\/comments?post=922"}],"version-history":[{"count":7,"href":"http:\/\/lakeivan.org\/wordpress\/wp-json\/wp\/v2\/pages\/922\/revisions"}],"predecessor-version":[{"id":939,"href":"http:\/\/lakeivan.org\/wordpress\/wp-json\/wp\/v2\/pages\/922\/revisions\/939"}],"up":[{"embeddable":true,"href":"http:\/\/lakeivan.org\/wordpress\/wp-json\/wp\/v2\/pages\/928"}],"wp:attachment":[{"href":"http:\/\/lakeivan.org\/wordpress\/wp-json\/wp\/v2\/media?parent=922"}],"curies":[{"name":"wp","href":"https:\/\/api.w.org\/{rel}","templated":true}]}}